{"id":808,"date":"2024-12-22T10:44:44","date_gmt":"2024-12-22T09:44:44","guid":{"rendered":"http:\/\/www.anzianitorrepaduli.it\/?page_id=808"},"modified":"2024-12-22T11:23:02","modified_gmt":"2024-12-22T10:23:02","slug":"torna-il-presepe-vivente-a-torrepaduli","status":"publish","type":"page","link":"https:\/\/www.anzianitorrepaduli.it\/index.php\/gallery\/torna-il-presepe-vivente-a-torrepaduli\/","title":{"rendered":"Torna il presepe vivente a Torrepaduli"},"content":{"rendered":"\t\t<div data-elementor-type=\"wp-page\" data-elementor-id=\"808\" class=\"elementor elementor-808\">\n\t\t\t\t\t\t<section class=\"elementor-section elementor-top-section elementor-element elementor-element-001c74e elementor-section-boxed elementor-section-height-default elementor-section-height-default\" data-id=\"001c74e\" data-element_type=\"section\" data-e-type=\"section\">\n\t\t\t\t\t\t<div class=\"elementor-container elementor-column-gap-default\">\n\t\t\t\t\t<div class=\"elementor-column elementor-col-100 elementor-top-column elementor-element elementor-element-e10b0f1\" data-id=\"e10b0f1\" data-element_type=\"column\" data-e-type=\"column\">\n\t\t\t<div class=\"elementor-widget-wrap elementor-element-populated\">\n\t\t\t\t\t\t<div class=\"elementor-element elementor-element-daa5da9 elementor-widget elementor-widget-heading\" data-id=\"daa5da9\" data-element_type=\"widget\" data-e-type=\"widget\" data-widget_type=\"heading.default\">\n\t\t\t\t<div class=\"elementor-widget-container\">\n\t\t\t\t\t<h2 class=\"elementor-heading-title elementor-size-default\">RISCOPRI LA MAGIA DEL NATALE A TORREPADULI<\/h2>\t\t\t\t<\/div>\n\t\t\t\t<\/div>\n\t\t\t\t\t<\/div>\n\t\t<\/div>\n\t\t\t\t\t<\/div>\n\t\t<\/section>\n\t\t\t\t<section class=\"elementor-section elementor-top-section elementor-element elementor-element-63070576 elementor-section-boxed elementor-section-height-default elementor-section-height-default\" data-id=\"63070576\" data-element_type=\"section\" data-e-type=\"section\">\n\t\t\t\t\t\t<div class=\"elementor-container elementor-column-gap-default\">\n\t\t\t\t\t<div class=\"elementor-column elementor-col-100 elementor-top-column elementor-element elementor-element-3bfe72d3\" data-id=\"3bfe72d3\" data-element_type=\"column\" data-e-type=\"column\">\n\t\t\t<div class=\"elementor-widget-wrap elementor-element-populated\">\n\t\t\t\t\t\t<div class=\"elementor-element elementor-element-17d9d536 elementor-widget__width-initial elementor-widget elementor-widget-text-editor\" data-id=\"17d9d536\" data-element_type=\"widget\" data-e-type=\"widget\" data-widget_type=\"text-editor.default\">\n\t\t\t\t<div class=\"elementor-widget-container\">\n\t\t\t\t\t\t\t\t\t<p><\/p>\n<p><span style=\"color: var( --e-global-color-text ); font-family: var( --e-global-typography-text-font-family ), Sans-serif; font-weight: var( --e-global-typography-text-font-weight );\">Quest\u2019anno, immergiti nell&#8217;incanto delle tradizioni natalizie al <\/span><span style=\"color: var( --e-global-color-text ); font-family: var( --e-global-typography-text-font-family ), Sans-serif;\"><b>Presepe Vivente di Torrepaduli<\/b><\/span><span style=\"color: var( --e-global-color-text ); font-family: var( --e-global-typography-text-font-family ), Sans-serif; font-weight: var( --e-global-typography-text-font-weight );\">, un evento che ti trasporter\u00e0 nel cuore della Nativit\u00e0, tra scenari suggestivi, personaggi storici e mestieri di un tempo. Dal 25 dicembre, il Museo della Civilt\u00e0 Contadina si trasformer\u00e0 in un palcoscenico natalizio straordinario, dove il passato rivive grazie alla passione e all&#8217;impegno della comunit\u00e0 locale.<\/span><\/p>\n<p><b>Un Viaggio nel Tempo<\/b><\/p>\n<p>Il Presepe Vivente di Torrepaduli \u00e8 diventato una tradizione imperdibile, che da anni regala ai visitatori un\u2019esperienza unica, grazie alla cura nei dettagli e alla fedelt\u00e0 storica delle ambientazioni. Ogni angolo del suggestivo Palazzo Pasanisi, nel centro storico del paese, sar\u00e0 l&#8217;occasione per fare un tuffo nel passato, tra i vicoli, le stradine illuminate dalle fiaccole e gli antichi mestieri.<\/p>\n<p>Grazie all\u2019impegno dei figuranti e dei soci dell&#8217;associazione, potrai vedere in azione mestieri ormai scomparsi, come il fabbro, la tessitrice, il cestaio, il vasaio e molti altri, che rivivono sotto i tuoi occhi. Durante il percorso avrete l&#8217;opportunit\u00e0 di assaporare piatti tradizionali della cultura salentina come le immancabili pittule e le pucce sfornate al momento.<\/p>\n<p>Vi aspettiamo il 25, 26 e 29 Dicembre e poi giorno 1,2 e 6 Gennaio dalle ore 17:00 alle 20:30! Non mancate\u00a0\ud83c\udf20<\/p>\n<p><\/p>\n<p><\/p>\n<figure><img decoding=\"async\" src=\"http:\/\/www.anzianitorrepaduli.it\/wp-content\/uploads\/2024\/12\/presepe_vivante_torrepaduli_2024.jpg\" alt=\"\" \/><\/figure>\n<p><\/p>\t\t\t\t\t\t\t\t<\/div>\n\t\t\t\t<\/div>\n\t\t\t\t\t<\/div>\n\t\t<\/div>\n\t\t\t\t\t<\/div>\n\t\t<\/section>\n\t\t\t\t<\/div>\n\t\t","protected":false},"excerpt":{"rendered":"<p>RISCOPRI LA MAGIA DEL NATALE A TORREPADULI Quest\u2019anno, immergiti nell&#8217;incanto delle tradizioni natalizie al Presepe Vivente di Torrepaduli, un evento che ti trasporter\u00e0 nel cuore della Nativit\u00e0, tra scenari suggestivi, personaggi storici e mestieri di un tempo. Dal 25 dicembre, il Museo della Civilt\u00e0 Contadina si trasformer\u00e0 in un palcoscenico natalizio straordinario, dove il passato&hellip; <br \/> <a class=\"read-more\" href=\"https:\/\/www.anzianitorrepaduli.it\/index.php\/gallery\/torna-il-presepe-vivente-a-torrepaduli\/\">Leggi tutto<\/a><\/p>\n","protected":false},"author":1,"featured_media":0,"parent":267,"menu_order":0,"comment_status":"closed","ping_status":"closed","template":"","meta":{"footnotes":""},"class_list":["post-808","page","type-page","status-publish","hentry"],"_links":{"self":[{"href":"https:\/\/www.anzianitorrepaduli.it\/index.php\/wp-json\/wp\/v2\/pages\/808","targetHints":{"allow":["GET"]}}],"collection":[{"href":"https:\/\/www.anzianitorrepaduli.it\/index.php\/wp-json\/wp\/v2\/pages"}],"about":[{"href":"https:\/\/www.anzianitorrepaduli.it\/index.php\/wp-json\/wp\/v2\/types\/page"}],"author":[{"embeddable":true,"href":"https:\/\/www.anzianitorrepaduli.it\/index.php\/wp-json\/wp\/v2\/users\/1"}],"replies":[{"embeddable":true,"href":"https:\/\/www.anzianitorrepaduli.it\/index.php\/wp-json\/wp\/v2\/comments?post=808"}],"version-history":[{"count":16,"href":"https:\/\/www.anzianitorrepaduli.it\/index.php\/wp-json\/wp\/v2\/pages\/808\/revisions"}],"predecessor-version":[{"id":831,"href":"https:\/\/www.anzianitorrepaduli.it\/index.php\/wp-json\/wp\/v2\/pages\/808\/revisions\/831"}],"up":[{"embeddable":true,"href":"https:\/\/www.anzianitorrepaduli.it\/index.php\/wp-json\/wp\/v2\/pages\/267"}],"wp:attachment":[{"href":"https:\/\/www.anzianitorrepaduli.it\/index.php\/wp-json\/wp\/v2\/media?parent=808"}],"curies":[{"name":"wp","href":"https:\/\/api.w.org\/{rel}","templated":true}]}}